{"id":25294,"date":"2024-12-11T09:31:23","date_gmt":"2024-12-11T08:31:23","guid":{"rendered":"https:\/\/nzjz-split.hr\/?page_id=25294"},"modified":"2025-11-20T09:55:22","modified_gmt":"2025-11-20T08:55:22","slug":"casopis-javno-zdravstvo","status":"publish","type":"page","link":"https:\/\/nzjz-split.hr\/en\/casopis-javno-zdravstvo\/","title":{"rendered":"\u010casopis Javno zdravstvo"},"content":{"rendered":"<div data-elementor-type=\"wp-page\" data-elementor-id=\"25294\" class=\"elementor elementor-25294\" data-elementor-post-type=\"page\">\n\t\t\t\t\t\t<section class=\"elementor-section elementor-top-section elementor-element elementor-element-956dec7 elementor-section-boxed elementor-section-height-default elementor-section-height-default\" data-id=\"956dec7\" data-element_type=\"section\" data-e-type=\"section\">\n\t\t\t\t\t\t<div class=\"elementor-container elementor-column-gap-default\">\n\t\t\t\t\t<div class=\"elementor-column elementor-col-100 elementor-top-column elementor-element elementor-element-b5c82b9\" data-id=\"b5c82b9\" data-element_type=\"column\" data-e-type=\"column\">\n\t\t\t<div class=\"elementor-widget-wrap elementor-element-populated\">\n\t\t\t\t\t\t<div class=\"elementor-element elementor-element-c61dc11 elementor-widget elementor-widget-heading\" data-id=\"c61dc11\" data-element_type=\"widget\" data-e-type=\"widget\" data-widget_type=\"heading.default\">\n\t\t\t\t<div class=\"elementor-widget-container\">\n\t\t\t\t\t<h2 class=\"elementor-heading-title elementor-size-default\">\u010casopis Javno zdravstvo<\/h2>\t\t\t\t<\/div>\n\t\t\t\t<\/div>\n\t\t\t\t\t<\/div>\n\t\t<\/div>\n\t\t\t\t\t<\/div>\n\t\t<\/section>\n\t\t\t\t<section class=\"elementor-section elementor-top-section elementor-element elementor-element-d44a0b9 elementor-section-boxed elementor-section-height-default elementor-section-height-default\" data-id=\"d44a0b9\" data-element_type=\"section\" data-e-type=\"section\">\n\t\t\t\t\t\t<div class=\"elementor-container elementor-column-gap-default\">\n\t\t\t\t\t<div class=\"elementor-column elementor-col-100 elementor-top-column elementor-element elementor-element-5bd1cdb\" data-id=\"5bd1cdb\" data-element_type=\"column\" data-e-type=\"column\">\n\t\t\t<div class=\"elementor-widget-wrap elementor-element-populated\">\n\t\t\t\t\t\t<div class=\"elementor-element elementor-element-fe02a10 elementor-widget elementor-widget-text-editor\" data-id=\"fe02a10\" data-element_type=\"widget\" data-e-type=\"widget\" data-widget_type=\"text-editor.default\">\n\t\t\t\t<div class=\"elementor-widget-container\">\n\t\t\t\t\t\t\t\t\t<p>Nastavnog zavoda za javno zdravstvo Splitsko-dalmatinske \u017eupanije<\/p>\t\t\t\t\t\t\t\t<\/div>\n\t\t\t\t<\/div>\n\t\t\t\t\t<\/div>\n\t\t<\/div>\n\t\t\t\t\t<\/div>\n\t\t<\/section>\n\t\t\t\t<section class=\"elementor-section elementor-top-section elementor-element elementor-element-5ff6a81 elementor-section-boxed elementor-section-height-default elementor-section-height-default\" data-id=\"5ff6a81\" data-element_type=\"section\" data-e-type=\"section\">\n\t\t\t\t\t\t<div class=\"elementor-container elementor-column-gap-default\">\n\t\t\t\t\t<div class=\"elementor-column elementor-col-100 elementor-top-column elementor-element elementor-element-a9b5e37\" data-id=\"a9b5e37\" data-element_type=\"column\" data-e-type=\"column\">\n\t\t\t<div class=\"elementor-widget-wrap\">\n\t\t\t\t\t\t\t<\/div>\n\t\t<\/div>\n\t\t\t\t\t<\/div>\n\t\t<\/section>\n\t\t\t\t<section class=\"elementor-section elementor-top-section elementor-element elementor-element-f701412 elementor-section-boxed elementor-section-height-default elementor-section-height-default\" data-id=\"f701412\" data-element_type=\"section\" data-e-type=\"section\">\n\t\t\t\t\t\t<div class=\"elementor-container elementor-column-gap-default\">\n\t\t\t\t\t<div class=\"elementor-column elementor-col-100 elementor-top-column elementor-element elementor-element-7502936\" data-id=\"7502936\" data-element_type=\"column\" data-e-type=\"column\">\n\t\t\t<div class=\"elementor-widget-wrap elementor-element-populated\">\n\t\t\t\t\t\t<section class=\"elementor-section elementor-inner-section elementor-element elementor-element-82fdc6a elementor-section-boxed elementor-section-height-default elementor-section-height-default\" data-id=\"82fdc6a\" data-element_type=\"section\" data-e-type=\"section\" data-settings=\"{&quot;background_background&quot;:&quot;classic&quot;}\">\n\t\t\t\t\t\t<div class=\"elementor-container elementor-column-gap-default\">\n\t\t\t\t\t<div class=\"elementor-column elementor-col-50 elementor-inner-column elementor-element elementor-element-38ebd43\" data-id=\"38ebd43\" data-element_type=\"column\" data-e-type=\"column\">\n\t\t\t<div class=\"elementor-widget-wrap elementor-element-populated\">\n\t\t\t\t\t\t<div class=\"elementor-element elementor-element-a646d9d elementor-widget__width-initial elementor-widget elementor-widget-image\" data-id=\"a646d9d\" data-element_type=\"widget\" data-e-type=\"widget\" data-widget_type=\"image.default\">\n\t\t\t\t<div class=\"elementor-widget-container\">\n\t\t\t\t\t\t\t\t\t\t\t\t\t\t\t\t<a href=\"https:\/\/nzjz-split.hr\/wp-content\/uploads\/2025\/11\/casopis_javno_zdravstvo_02_2025.pdf\">\n\t\t\t\t\t\t\t<img fetchpriority=\"high\" decoding=\"async\" width=\"212\" height=\"300\" src=\"https:\/\/nzjz-split.hr\/wp-content\/uploads\/2025\/11\/casopis_javno_zdravstvo_02_2025_naslovnica.jpg\" class=\"attachment-medium size-medium wp-image-28981\" alt=\"\u010casopis Javno zdravstvo 2\/2025\" srcset=\"https:\/\/nzjz-split.hr\/wp-content\/uploads\/2025\/11\/casopis_javno_zdravstvo_02_2025_naslovnica.jpg 672w, https:\/\/nzjz-split.hr\/wp-content\/uploads\/2025\/11\/casopis_javno_zdravstvo_02_2025_naslovnica-8x12.jpg 8w, https:\/\/nzjz-split.hr\/wp-content\/uploads\/2025\/11\/casopis_javno_zdravstvo_02_2025_naslovnica-600x847.jpg 600w\" sizes=\"(max-width: 212px) 100vw, 212px\" \/>\t\t\t\t\t\t\t\t<\/a>\n\t\t\t\t\t\t\t\t\t\t\t\t\t\t\t<\/div>\n\t\t\t\t<\/div>\n\t\t\t\t<div class=\"elementor-element elementor-element-c65095b elementor-widget elementor-widget-text-editor\" data-id=\"c65095b\" data-element_type=\"widget\" data-e-type=\"widget\" data-widget_type=\"text-editor.default\">\n\t\t\t\t<div class=\"elementor-widget-container\">\n\t\t\t\t\t\t\t\t\t<p>\u010casopis Javno zdravstvo<\/p><p>Godina 2025.<\/p><p>Broj 2<\/p><p>srpanj &#8211; prosinac 2025.<\/p>\t\t\t\t\t\t\t\t<\/div>\n\t\t\t\t<\/div>\n\t\t\t\t<div class=\"elementor-element elementor-element-acedd30 elementor-widget elementor-widget-image\" data-id=\"acedd30\" data-element_type=\"widget\" data-e-type=\"widget\" data-widget_type=\"image.default\">\n\t\t\t\t<div class=\"elementor-widget-container\">\n\t\t\t\t\t\t\t\t\t\t\t\t\t\t\t\t<a href=\"https:\/\/nzjz-split.hr\/wp-content\/uploads\/2024\/12\/casopis_javno_zdravstvo_02_2024.pdf\">\n\t\t\t\t\t\t\t<img decoding=\"async\" width=\"212\" height=\"300\" src=\"https:\/\/nzjz-split.hr\/wp-content\/uploads\/2024\/12\/casopis_jz_2024_2.jpg\" class=\"attachment-medium size-medium wp-image-25317\" alt=\"Naslovnica \u010dasopisa javno zdravstvo\" srcset=\"https:\/\/nzjz-split.hr\/wp-content\/uploads\/2024\/12\/casopis_jz_2024_2.jpg 300w, https:\/\/nzjz-split.hr\/wp-content\/uploads\/2024\/12\/casopis_jz_2024_2-8x12.jpg 8w\" sizes=\"(max-width: 212px) 100vw, 212px\" \/>\t\t\t\t\t\t\t\t<\/a>\n\t\t\t\t\t\t\t\t\t\t\t\t\t\t\t<\/div>\n\t\t\t\t<\/div>\n\t\t\t\t<div class=\"elementor-element elementor-element-d5d2ea9 elementor-widget elementor-widget-text-editor\" data-id=\"d5d2ea9\" data-element_type=\"widget\" data-e-type=\"widget\" data-widget_type=\"text-editor.default\">\n\t\t\t\t<div class=\"elementor-widget-container\">\n\t\t\t\t\t\t\t\t\t<p>\u010casopis Javno zdravstvo<\/p><p>Godina 2024.<\/p><p>Broj 2<\/p><p>srpanj &#8211; prosinac 2024.<\/p>\t\t\t\t\t\t\t\t<\/div>\n\t\t\t\t<\/div>\n\t\t\t\t\t<\/div>\n\t\t<\/div>\n\t\t\t\t<div class=\"elementor-column elementor-col-50 elementor-inner-column elementor-element elementor-element-af256e8\" data-id=\"af256e8\" data-element_type=\"column\" data-e-type=\"column\">\n\t\t\t<div class=\"elementor-widget-wrap elementor-element-populated\">\n\t\t\t\t\t\t<div class=\"elementor-element elementor-element-11178a9 elementor-widget__width-initial elementor-widget elementor-widget-image\" data-id=\"11178a9\" data-element_type=\"widget\" data-e-type=\"widget\" data-widget_type=\"image.default\">\n\t\t\t\t<div class=\"elementor-widget-container\">\n\t\t\t\t\t\t\t\t\t\t\t\t\t\t\t\t<a href=\"https:\/\/nzjz-split.hr\/wp-content\/uploads\/2025\/06\/casopis_javno_zdravstvo_01_2025.pdf\">\n\t\t\t\t\t\t\t<img decoding=\"async\" width=\"213\" height=\"300\" src=\"https:\/\/nzjz-split.hr\/wp-content\/uploads\/2025\/06\/naslovnica_casopis_javno_zdravstvo_01_2025.jpg\" class=\"attachment-medium size-medium wp-image-27074\" alt=\"naslovnica \u010dasopisa javno zdravstvo 01 2025\" srcset=\"https:\/\/nzjz-split.hr\/wp-content\/uploads\/2025\/06\/naslovnica_casopis_javno_zdravstvo_01_2025.jpg 636w, https:\/\/nzjz-split.hr\/wp-content\/uploads\/2025\/06\/naslovnica_casopis_javno_zdravstvo_01_2025-9x12.jpg 9w, https:\/\/nzjz-split.hr\/wp-content\/uploads\/2025\/06\/naslovnica_casopis_javno_zdravstvo_01_2025-600x846.jpg 600w\" sizes=\"(max-width: 213px) 100vw, 213px\" \/>\t\t\t\t\t\t\t\t<\/a>\n\t\t\t\t\t\t\t\t\t\t\t\t\t\t\t<\/div>\n\t\t\t\t<\/div>\n\t\t\t\t<div class=\"elementor-element elementor-element-3c650aa elementor-widget__width-initial elementor-widget elementor-widget-text-editor\" data-id=\"3c650aa\" data-element_type=\"widget\" data-e-type=\"widget\" data-widget_type=\"text-editor.default\">\n\t\t\t\t<div class=\"elementor-widget-container\">\n\t\t\t\t\t\t\t\t\t<p>\u010casopis Javno zdravstvo<\/p><p>Godina 2025.<\/p><p>Broj 1<\/p><p>sije\u010danj &#8211; lipanj 2025.<\/p>\t\t\t\t\t\t\t\t<\/div>\n\t\t\t\t<\/div>\n\t\t\t\t<div class=\"elementor-element elementor-element-aff1bca elementor-widget elementor-widget-image\" data-id=\"aff1bca\" data-element_type=\"widget\" data-e-type=\"widget\" data-widget_type=\"image.default\">\n\t\t\t\t<div class=\"elementor-widget-container\">\n\t\t\t\t\t\t\t\t\t\t\t\t\t\t\t\t<a href=\"https:\/\/nzjz-split.hr\/wp-content\/uploads\/2024\/07\/casopis_javno_zdravstvo_01_2024.pdf\">\n\t\t\t\t\t\t\t<img loading=\"lazy\" decoding=\"async\" width=\"212\" height=\"300\" src=\"https:\/\/nzjz-split.hr\/wp-content\/uploads\/2024\/12\/naslovnica_br_1_casopis.jpg\" class=\"attachment-medium size-medium wp-image-25297\" alt=\"Naslovnica \u010dasopisa\" srcset=\"https:\/\/nzjz-split.hr\/wp-content\/uploads\/2024\/12\/naslovnica_br_1_casopis.jpg 300w, https:\/\/nzjz-split.hr\/wp-content\/uploads\/2024\/12\/naslovnica_br_1_casopis-8x12.jpg 8w\" sizes=\"(max-width: 212px) 100vw, 212px\" \/>\t\t\t\t\t\t\t\t<\/a>\n\t\t\t\t\t\t\t\t\t\t\t\t\t\t\t<\/div>\n\t\t\t\t<\/div>\n\t\t\t\t<div class=\"elementor-element elementor-element-78924ab elementor-widget__width-initial elementor-widget elementor-widget-text-editor\" data-id=\"78924ab\" data-element_type=\"widget\" data-e-type=\"widget\" data-widget_type=\"text-editor.default\">\n\t\t\t\t<div class=\"elementor-widget-container\">\n\t\t\t\t\t\t\t\t\t<p>\u010casopis Javno zdravstvo<\/p><p>Godina 2024.<\/p><p>Broj 1<\/p><p>sije\u010danj &#8211; lipanj 2024.<\/p>\t\t\t\t\t\t\t\t<\/div>\n\t\t\t\t<\/div>\n\t\t\t\t\t<\/div>\n\t\t<\/div>\n\t\t\t\t\t<\/div>\n\t\t<\/section>\n\t\t\t\t<div class=\"elementor-element elementor-element-97ed79f elementor-widget elementor-widget-text-editor\" data-id=\"97ed79f\" data-element_type=\"widget\" data-e-type=\"widget\" data-widget_type=\"text-editor.default\">\n\t\t\t\t<div class=\"elementor-widget-container\">\n\t\t\t\t\t\t\t\t\t<p><a href=\"https:\/\/issuu.com\/nzjz\">Arhiva izdanja 2013. &#8211; 2016.<\/a><\/p>\t\t\t\t\t\t\t\t<\/div>\n\t\t\t\t<\/div>\n\t\t\t\t\t<\/div>\n\t\t<\/div>\n\t\t\t\t\t<\/div>\n\t\t<\/section>\n\t\t\t\t<\/div>","protected":false},"excerpt":{"rendered":"<p>\u010casopis Javno zdravstvo Nastavnog zavoda za javno zdravstvo Splitsko-dalmatinske \u017eupanije \u010casopis Javno zdravstvo Godina 2025. Broj 2 srpanj &#8211; prosinac 2025. \u010casopis Javno zdravstvo Godina 2024. Broj 2 srpanj &#8211; prosinac 2024. \u010casopis Javno zdravstvo Godina 2025. Broj 1 sije\u010danj &#8211; lipanj 2025. \u010casopis Javno zdravstvo Godina 2024. Broj 1 sije\u010danj &#8211; lipanj 2024. Arhiva [&hellip;]<\/p>\n","protected":false},"author":3,"featured_media":0,"parent":0,"menu_order":0,"comment_status":"closed","ping_status":"closed","template":"","meta":{"inline_featured_image":false,"footnotes":""},"class_list":["post-25294","page","type-page","status-publish","hentry"],"yoast_head":"<!-- This site is optimized with the Yoast SEO plugin v27.3 - https:\/\/yoast.com\/product\/yoast-seo-wordpress\/ -->\n<title>NZJZ SD\u017d - \u010casopis Javno zdravstvo<\/title>\n<meta name=\"description\" content=\"Slu\u017ebene internet stranice Nastavnog Zavoda za javno zdravstvo Splitsko-dalmatinske \u017eupanije.\" \/>\n<meta name=\"robots\" content=\"index, follow, max-snippet:-1, max-image-preview:large, max-video-preview:-1\" \/>\n<link rel=\"canonical\" href=\"https:\/\/nzjz-split.hr\/en\/casopis-javno-zdravstvo\/\" \/>\n<meta property=\"og:locale\" content=\"en_GB\" \/>\n<meta property=\"og:type\" content=\"article\" \/>\n<meta property=\"og:title\" content=\"NZJZ SD\u017d - \u010casopis Javno zdravstvo\" \/>\n<meta property=\"og:description\" content=\"Slu\u017ebene internet stranice Nastavnog Zavoda za javno zdravstvo Splitsko-dalmatinske \u017eupanije.\" \/>\n<meta property=\"og:url\" content=\"https:\/\/nzjz-split.hr\/en\/casopis-javno-zdravstvo\/\" \/>\n<meta property=\"og:site_name\" content=\"NZJZ SD\u017d\" \/>\n<meta property=\"article:publisher\" content=\"https:\/\/www.facebook.com\/NzjzSdz\" \/>\n<meta property=\"article:modified_time\" content=\"2025-11-20T08:55:22+00:00\" \/>\n<meta property=\"og:image\" content=\"https:\/\/nzjz-split.hr\/wp-content\/uploads\/2025\/11\/casopis_javno_zdravstvo_02_2025_naslovnica.jpg\" \/>\n\t<meta property=\"og:image:width\" content=\"672\" \/>\n\t<meta property=\"og:image:height\" content=\"949\" \/>\n\t<meta property=\"og:image:type\" content=\"image\/jpeg\" \/>\n<meta name=\"twitter:card\" content=\"summary_large_image\" \/>\n<meta name=\"twitter:label1\" content=\"Estimated reading time\" \/>\n\t<meta name=\"twitter:data1\" content=\"2 minutes\" \/>\n<script type=\"application\/ld+json\" class=\"yoast-schema-graph\">{\"@context\":\"https:\\\/\\\/schema.org\",\"@graph\":[{\"@type\":\"WebPage\",\"@id\":\"https:\\\/\\\/nzjz-split.hr\\\/casopis-javno-zdravstvo\\\/\",\"url\":\"https:\\\/\\\/nzjz-split.hr\\\/casopis-javno-zdravstvo\\\/\",\"name\":\"NZJZ SD\u017d - \u010casopis Javno zdravstvo\",\"isPartOf\":{\"@id\":\"https:\\\/\\\/nzjz-split.hr\\\/#website\"},\"primaryImageOfPage\":{\"@id\":\"https:\\\/\\\/nzjz-split.hr\\\/casopis-javno-zdravstvo\\\/#primaryimage\"},\"image\":{\"@id\":\"https:\\\/\\\/nzjz-split.hr\\\/casopis-javno-zdravstvo\\\/#primaryimage\"},\"thumbnailUrl\":\"https:\\\/\\\/nzjz-split.hr\\\/wp-content\\\/uploads\\\/2025\\\/11\\\/casopis_javno_zdravstvo_02_2025_naslovnica.jpg\",\"datePublished\":\"2024-12-11T08:31:23+00:00\",\"dateModified\":\"2025-11-20T08:55:22+00:00\",\"description\":\"Slu\u017ebene internet stranice Nastavnog Zavoda za javno zdravstvo Splitsko-dalmatinske \u017eupanije.\",\"breadcrumb\":{\"@id\":\"https:\\\/\\\/nzjz-split.hr\\\/casopis-javno-zdravstvo\\\/#breadcrumb\"},\"inLanguage\":\"en-GB\",\"potentialAction\":[{\"@type\":\"ReadAction\",\"target\":[\"https:\\\/\\\/nzjz-split.hr\\\/casopis-javno-zdravstvo\\\/\"]}]},{\"@type\":\"ImageObject\",\"inLanguage\":\"en-GB\",\"@id\":\"https:\\\/\\\/nzjz-split.hr\\\/casopis-javno-zdravstvo\\\/#primaryimage\",\"url\":\"https:\\\/\\\/nzjz-split.hr\\\/wp-content\\\/uploads\\\/2025\\\/11\\\/casopis_javno_zdravstvo_02_2025_naslovnica.jpg\",\"contentUrl\":\"https:\\\/\\\/nzjz-split.hr\\\/wp-content\\\/uploads\\\/2025\\\/11\\\/casopis_javno_zdravstvo_02_2025_naslovnica.jpg\"},{\"@type\":\"BreadcrumbList\",\"@id\":\"https:\\\/\\\/nzjz-split.hr\\\/casopis-javno-zdravstvo\\\/#breadcrumb\",\"itemListElement\":[{\"@type\":\"ListItem\",\"position\":1,\"name\":\"Naslovnica\",\"item\":\"https:\\\/\\\/nzjz-split.hr\\\/\"},{\"@type\":\"ListItem\",\"position\":2,\"name\":\"\u010casopis Javno zdravstvo\"}]},{\"@type\":\"WebSite\",\"@id\":\"https:\\\/\\\/nzjz-split.hr\\\/#website\",\"url\":\"https:\\\/\\\/nzjz-split.hr\\\/\",\"name\":\"NZJZ SD\u017d\",\"description\":\"Nastavni zavod za javno zdravstvo Splitsko - dalmatinske \u017eupanije\",\"publisher\":{\"@id\":\"https:\\\/\\\/nzjz-split.hr\\\/#organization\"},\"potentialAction\":[{\"@type\":\"SearchAction\",\"target\":{\"@type\":\"EntryPoint\",\"urlTemplate\":\"https:\\\/\\\/nzjz-split.hr\\\/?s={search_term_string}\"},\"query-input\":{\"@type\":\"PropertyValueSpecification\",\"valueRequired\":true,\"valueName\":\"search_term_string\"}}],\"inLanguage\":\"en-GB\"},{\"@type\":\"Organization\",\"@id\":\"https:\\\/\\\/nzjz-split.hr\\\/#organization\",\"name\":\"Nastavni zavod za javno zdravstvo Splitsko - dalmatinske \u017eupanije\",\"url\":\"https:\\\/\\\/nzjz-split.hr\\\/\",\"logo\":{\"@type\":\"ImageObject\",\"inLanguage\":\"en-GB\",\"@id\":\"https:\\\/\\\/nzjz-split.hr\\\/#\\\/schema\\\/logo\\\/image\\\/\",\"url\":\"https:\\\/\\\/nzjz-split.hr\\\/wp-content\\\/uploads\\\/2021\\\/05\\\/nzjz-sdz-favicon-bg.png\",\"contentUrl\":\"https:\\\/\\\/nzjz-split.hr\\\/wp-content\\\/uploads\\\/2021\\\/05\\\/nzjz-sdz-favicon-bg.png\",\"width\":220,\"height\":220,\"caption\":\"Nastavni zavod za javno zdravstvo Splitsko - dalmatinske \u017eupanije\"},\"image\":{\"@id\":\"https:\\\/\\\/nzjz-split.hr\\\/#\\\/schema\\\/logo\\\/image\\\/\"},\"sameAs\":[\"https:\\\/\\\/www.facebook.com\\\/NzjzSdz\"]}]}<\/script>\n<!-- \/ Yoast SEO plugin. -->","yoast_head_json":{"title":"NZJZ SD\u017d - \u010casopis Javno zdravstvo","description":"Slu\u017ebene internet stranice Nastavnog Zavoda za javno zdravstvo Splitsko-dalmatinske \u017eupanije.","robots":{"index":"index","follow":"follow","max-snippet":"max-snippet:-1","max-image-preview":"max-image-preview:large","max-video-preview":"max-video-preview:-1"},"canonical":"https:\/\/nzjz-split.hr\/en\/casopis-javno-zdravstvo\/","og_locale":"en_GB","og_type":"article","og_title":"NZJZ SD\u017d - \u010casopis Javno zdravstvo","og_description":"Slu\u017ebene internet stranice Nastavnog Zavoda za javno zdravstvo Splitsko-dalmatinske \u017eupanije.","og_url":"https:\/\/nzjz-split.hr\/en\/casopis-javno-zdravstvo\/","og_site_name":"NZJZ SD\u017d","article_publisher":"https:\/\/www.facebook.com\/NzjzSdz","article_modified_time":"2025-11-20T08:55:22+00:00","og_image":[{"width":672,"height":949,"url":"https:\/\/nzjz-split.hr\/wp-content\/uploads\/2025\/11\/casopis_javno_zdravstvo_02_2025_naslovnica.jpg","type":"image\/jpeg"}],"twitter_card":"summary_large_image","twitter_misc":{"Estimated reading time":"2 minutes"},"schema":{"@context":"https:\/\/schema.org","@graph":[{"@type":"WebPage","@id":"https:\/\/nzjz-split.hr\/casopis-javno-zdravstvo\/","url":"https:\/\/nzjz-split.hr\/casopis-javno-zdravstvo\/","name":"NZJZ SD\u017d - \u010casopis Javno zdravstvo","isPartOf":{"@id":"https:\/\/nzjz-split.hr\/#website"},"primaryImageOfPage":{"@id":"https:\/\/nzjz-split.hr\/casopis-javno-zdravstvo\/#primaryimage"},"image":{"@id":"https:\/\/nzjz-split.hr\/casopis-javno-zdravstvo\/#primaryimage"},"thumbnailUrl":"https:\/\/nzjz-split.hr\/wp-content\/uploads\/2025\/11\/casopis_javno_zdravstvo_02_2025_naslovnica.jpg","datePublished":"2024-12-11T08:31:23+00:00","dateModified":"2025-11-20T08:55:22+00:00","description":"Slu\u017ebene internet stranice Nastavnog Zavoda za javno zdravstvo Splitsko-dalmatinske \u017eupanije.","breadcrumb":{"@id":"https:\/\/nzjz-split.hr\/casopis-javno-zdravstvo\/#breadcrumb"},"inLanguage":"en-GB","potentialAction":[{"@type":"ReadAction","target":["https:\/\/nzjz-split.hr\/casopis-javno-zdravstvo\/"]}]},{"@type":"ImageObject","inLanguage":"en-GB","@id":"https:\/\/nzjz-split.hr\/casopis-javno-zdravstvo\/#primaryimage","url":"https:\/\/nzjz-split.hr\/wp-content\/uploads\/2025\/11\/casopis_javno_zdravstvo_02_2025_naslovnica.jpg","contentUrl":"https:\/\/nzjz-split.hr\/wp-content\/uploads\/2025\/11\/casopis_javno_zdravstvo_02_2025_naslovnica.jpg"},{"@type":"BreadcrumbList","@id":"https:\/\/nzjz-split.hr\/casopis-javno-zdravstvo\/#breadcrumb","itemListElement":[{"@type":"ListItem","position":1,"name":"Naslovnica","item":"https:\/\/nzjz-split.hr\/"},{"@type":"ListItem","position":2,"name":"\u010casopis Javno zdravstvo"}]},{"@type":"WebSite","@id":"https:\/\/nzjz-split.hr\/#website","url":"https:\/\/nzjz-split.hr\/","name":"NZJZ SD\u017d","description":"Teaching Institute for Public Health, Split - Dalmatia County","publisher":{"@id":"https:\/\/nzjz-split.hr\/#organization"},"potentialAction":[{"@type":"SearchAction","target":{"@type":"EntryPoint","urlTemplate":"https:\/\/nzjz-split.hr\/?s={search_term_string}"},"query-input":{"@type":"PropertyValueSpecification","valueRequired":true,"valueName":"search_term_string"}}],"inLanguage":"en-GB"},{"@type":"Organization","@id":"https:\/\/nzjz-split.hr\/#organization","name":"Teaching Institute for Public Health, Split - Dalmatia County","url":"https:\/\/nzjz-split.hr\/","logo":{"@type":"ImageObject","inLanguage":"en-GB","@id":"https:\/\/nzjz-split.hr\/#\/schema\/logo\/image\/","url":"https:\/\/nzjz-split.hr\/wp-content\/uploads\/2021\/05\/nzjz-sdz-favicon-bg.png","contentUrl":"https:\/\/nzjz-split.hr\/wp-content\/uploads\/2021\/05\/nzjz-sdz-favicon-bg.png","width":220,"height":220,"caption":"Nastavni zavod za javno zdravstvo Splitsko - dalmatinske \u017eupanije"},"image":{"@id":"https:\/\/nzjz-split.hr\/#\/schema\/logo\/image\/"},"sameAs":["https:\/\/www.facebook.com\/NzjzSdz"]}]}},"_links":{"self":[{"href":"https:\/\/nzjz-split.hr\/en\/wp-json\/wp\/v2\/pages\/25294","targetHints":{"allow":["GET"]}}],"collection":[{"href":"https:\/\/nzjz-split.hr\/en\/wp-json\/wp\/v2\/pages"}],"about":[{"href":"https:\/\/nzjz-split.hr\/en\/wp-json\/wp\/v2\/types\/page"}],"author":[{"embeddable":true,"href":"https:\/\/nzjz-split.hr\/en\/wp-json\/wp\/v2\/users\/3"}],"replies":[{"embeddable":true,"href":"https:\/\/nzjz-split.hr\/en\/wp-json\/wp\/v2\/comments?post=25294"}],"version-history":[{"count":56,"href":"https:\/\/nzjz-split.hr\/en\/wp-json\/wp\/v2\/pages\/25294\/revisions"}],"predecessor-version":[{"id":28984,"href":"https:\/\/nzjz-split.hr\/en\/wp-json\/wp\/v2\/pages\/25294\/revisions\/28984"}],"wp:attachment":[{"href":"https:\/\/nzjz-split.hr\/en\/wp-json\/wp\/v2\/media?parent=25294"}],"curies":[{"name":"wp","href":"https:\/\/api.w.org\/{rel}","templated":true}]}}