{"id":368,"date":"2021-04-19T12:34:30","date_gmt":"2021-04-19T12:34:30","guid":{"rendered":"https:\/\/nzjz.wpengine.com\/?page_id=368"},"modified":"2024-11-26T12:32:28","modified_gmt":"2024-11-26T11:32:28","slug":"izjava-o-pristupacnosti-nzjz-sdz","status":"publish","type":"page","link":"https:\/\/nzjz-split.hr\/en\/izjava-o-pristupacnosti-nzjz-sdz\/","title":{"rendered":"Accessibility statement"},"content":{"rendered":"<div data-elementor-type=\"wp-page\" data-elementor-id=\"368\" class=\"elementor elementor-368\" data-elementor-post-type=\"page\">\n\t\t\t\t\t\t<section class=\"elementor-section elementor-top-section elementor-element elementor-element-11a51f8 elementor-reverse-mobile elementor-section-boxed elementor-section-height-default elementor-section-height-default\" data-id=\"11a51f8\" data-element_type=\"section\" data-e-type=\"section\" data-settings=\"{&quot;background_background&quot;:&quot;classic&quot;}\">\n\t\t\t\t\t\t\t<div class=\"elementor-background-overlay\"><\/div>\n\t\t\t\t\t\t\t<div class=\"elementor-container elementor-column-gap-default\">\n\t\t\t\t\t<div class=\"elementor-column elementor-col-50 elementor-top-column elementor-element elementor-element-f509b42\" data-id=\"f509b42\" data-element_type=\"column\" data-e-type=\"column\">\n\t\t\t<div class=\"elementor-widget-wrap elementor-element-populated\">\n\t\t\t\t\t\t<div class=\"elementor-element elementor-element-e739bc0 elementor-widget elementor-widget-heading\" data-id=\"e739bc0\" data-element_type=\"widget\" data-e-type=\"widget\" data-widget_type=\"heading.default\">\n\t\t\t\t<div class=\"elementor-widget-container\">\n\t\t\t\t\t<h2 class=\"elementor-heading-title elementor-size-default\">Accessibility statement<\/h2>\t\t\t\t<\/div>\n\t\t\t\t<\/div>\n\t\t\t\t\t<\/div>\n\t\t<\/div>\n\t\t\t\t<div class=\"elementor-column elementor-col-50 elementor-top-column elementor-element elementor-element-1a97ccb\" data-id=\"1a97ccb\" data-element_type=\"column\" data-e-type=\"column\">\n\t\t\t<div class=\"elementor-widget-wrap elementor-element-populated\">\n\t\t\t\t\t\t<div class=\"elementor-element elementor-element-5356fbd elementor-widget elementor-widget-spacer\" data-id=\"5356fbd\" data-element_type=\"widget\" data-e-type=\"widget\" data-widget_type=\"spacer.default\">\n\t\t\t\t<div class=\"elementor-widget-container\">\n\t\t\t\t\t\t\t<div class=\"elementor-spacer\">\n\t\t\t<div class=\"elementor-spacer-inner\"><\/div>\n\t\t<\/div>\n\t\t\t\t\t\t<\/div>\n\t\t\t\t<\/div>\n\t\t\t\t\t<\/div>\n\t\t<\/div>\n\t\t\t\t\t<\/div>\n\t\t<\/section>\n\t\t\t\t<section class=\"elementor-section elementor-top-section elementor-element elementor-element-4d80b4f elementor-section-boxed elementor-section-height-default elementor-section-height-default\" data-id=\"4d80b4f\" data-element_type=\"section\" data-e-type=\"section\" data-settings=\"{&quot;background_background&quot;:&quot;classic&quot;}\">\n\t\t\t\t\t\t<div class=\"elementor-container elementor-column-gap-default\">\n\t\t\t\t\t<div class=\"elementor-column elementor-col-100 elementor-top-column elementor-element elementor-element-c2d9819\" data-id=\"c2d9819\" data-element_type=\"column\" data-e-type=\"column\">\n\t\t\t<div class=\"elementor-widget-wrap elementor-element-populated\">\n\t\t\t\t\t\t<div class=\"elementor-element elementor-element-f6bd8e5 elementor-widget elementor-widget-text-editor\" data-id=\"f6bd8e5\" data-element_type=\"widget\" data-e-type=\"widget\" data-widget_type=\"text-editor.default\">\n\t\t\t\t<div class=\"elementor-widget-container\">\n\t\t\t\t\t\t\t\t\t<p>Nastavni zavod za javno zdravstvo Splitsko-dalmatinske \u017eupanije nastoji svoje internetske stranice u\u010diniti pristupa\u010dnima u skladu sa Zakonom o pristupa\u010dnosti mre\u017enih stranica i programskih rje\u0161enja za pokretne ure\u0111aje tijela javnog sektora Republike Hrvatske (NN 17\/19) od 23. rujna 2019., kojim se prenosi Direktiva (EU) 2016\/2102 Europskog parlamenta i Vije\u0107a <u><a href=\"https:\/\/eur-lex.europa.eu\/legal-content\/HR\/TXT\/HTML\/?uri=CELEX:32018D1523&amp;from=HR#ntr1-L_2018256HR.01010501-E0001\">(1)<\/a><\/u> u nacionalno zakonodavstvo.<\/p><p>This accessibility statement applies to the web pages of the Teaching Institute for Public Health of the Split-Dalmatia County at the address nzjz-split.hr.<\/p><p><strong>Degree of compliance <\/strong><\/p><p>Mre\u017ene stranice Nastavnog zavoda za javno zdravstvo Splitsko-dalmatinske \u017eupanije su u skladu sa Zakonom o pristupa\u010dnosti mre\u017enih stranica i programskih rje\u0161enja za pokretne ure\u0111aje tijela javnog sektora*. <\/p><p>*Napomena vezana za sadr\u017eaj stranice koji je namijenjen samo ograni\u010denom dijelu korisnika stranice:<\/p><p>Sadr\u017eaj koji je nastajao kroz aktivnosti javnozdravstvenih projekata Slu\u017ebe za mentalno zdravlje koji je kao takav namijenjen samo ograni\u010denom dijelu javnosti &#8211; korisnicima Savjetovali\u0161ta Slu\u017ebe za mentalno zdravlje, te stoga ne podlije\u017ee obvezi uskla\u0111ivanja prema Zakonu o pristupa\u010dnosti mre\u017enih stranica i programskih rje\u0161enja za pokretne ure\u0111aje tijela javnog sektora Republike Hrvatske, i to: e-savjetovali\u0161te &#8216;Pitaj, ne skitaj&#8217;, igra &#8216;Memory&#8217;, igra &#8216;Prete\u017eno vedro&#8217;, Kalendar 2021.<\/p><p>Sadr\u017eaj na stranici Ambulante za cijepljenje: Kalendar cijepljenja 2021. i obrasci namijenjeni su samo ograni\u010denom dijelu javnosti &#8211; stru\u010dnim zdravstvenim djelatnicima koji provode cijepljenja, te stoga ne podlije\u017eu obvezi uskla\u0111ivanja prema Zakonu o pristupa\u010dnosti mre\u017enih stranica i programskih rje\u0161enja za pokretne ure\u0111aje tijela javnog sektora Republike Hrvatske<\/p><p>**Napomena vezana uz fotografije povodom obilje\u017eavanja 100 godina Nastavnog zavoda za javno zdravstvo Splitsko &#8211; dalmatinske \u017eupanije:<\/p><p>Dvije fotografije na Naslovnici koje su autorski radovi nastali povodom obilje\u017eavanja 100 godina Ustanove nose u sebi informaciju u tekstualnom obliku; logo 100 godina, slogan i godine 1922- 2022. Obzirom da se radi o autorskim radovima, te o \u010dinjenici da fotografije ne nose informaciju koja je bitna korisnicima i pacijentima, fotografije su postavljene u izvornom obliku.<\/p><p>***Napomena vezana uz Pravilnik o provedbi postupaka nabave:<\/p><p>Pravilnik o provedbi postupaka nabave objavljen je u formatu koji nije \u010ditljiv \u010dita\u010dima ekrana. Namijenjen je samo dijelu stru\u010dne javnosti. Objavljen je na ovaj na\u010din zbog propisa o javnoj nabavi koji zahtijevaju da na dokumentu bude vidljiv datum.<\/p><p><strong>Preparation of this accessibility statement <\/strong><\/p><p>Ova je izjava sastavljena 19.7.2020.<\/p><p>The conformity assessment was carried out on the basis of the currently valid agreed standard \/ guidelines: CARNet Guidelines for Ensuring Digital Accessibility as Minimum Accessibility Requirements for Public Authorities' Websites, 2019.<\/p><p>Compliance has been assessed in relation to Chapter 7 point 1, which sets out guidelines that represent mandatory requirements that must be ensured.<\/p><p>Self-assessment was used to prepare this Statement.<\/p><p>\u00a0Izjava je zadnji put preispitana 16. 11. 2024.<\/p><p><strong>Feedback and contact information <\/strong><\/p><p>All inquiries related to the accessibility of the website of the Teaching Institute for Public Health of the Split-Dalmatia County, users can send:<\/p><ul><li>Elektroni\u010dkom po\u0161tom na <a href=\"mailto:marijana.mijakovic@nzjz-split.hr\">marijana.mijakovic@nzjz-split.hr<\/a><\/li><li>Slu\u017ebeniku za informiranje elektroni\u010dkom po\u0161tom na <a href=\"mailto:iva.bego@nzjz-split.hr\">iva.bego@nzjz-split.hr<\/a><\/li><li>Telefonom na broj 021 401 148<\/li><\/ul><p>The Institute of Public Health of the Split-Dalmatia County will respond to the user's request to ensure accessibility within 15 days from the date of receipt, or will inform the user within the same period, with a detailed explanation of the reasons for the delay. will respond to the user's query.<\/p><p><strong>Procedure for monitoring the implementation of regulations <\/strong><\/p><p>The body responsible for monitoring the compliance of websites and software solutions for mobile devices of public sector bodies with accessibility requirements and supervising the implementation of the Accessibility Act is the Information Commissioner of the Republic of Croatia.<\/p><p>In case of unsatisfactory responses to the notification or to the request for feedback on the accessibility of this website, users may contact the Information Commissioner of the Republic of Croatia by phone number +385 1 4609 041 or by e-mail: \u00a0<a href=\"mailto:pristupacnost@pristupinfo.hr\">pristupacnost@pristupinfo.hr<\/a>.<\/p><div>\u00a0<\/div><div>\u00a0<\/div><p>26<\/p>\t\t\t\t\t\t\t\t<\/div>\n\t\t\t\t<\/div>\n\t\t\t\t\t<\/div>\n\t\t<\/div>\n\t\t\t\t\t<\/div>\n\t\t<\/section>\n\t\t\t\t<section class=\"elementor-section elementor-top-section elementor-element elementor-element-b5bc91a elementor-section-boxed elementor-section-height-default elementor-section-height-default\" data-id=\"b5bc91a\" data-element_type=\"section\" data-e-type=\"section\" data-settings=\"{&quot;background_background&quot;:&quot;classic&quot;,&quot;shape_divider_top&quot;:&quot;curve&quot;,&quot;shape_divider_top_negative&quot;:&quot;yes&quot;}\">\n\t\t\t\t\t<div class=\"elementor-shape elementor-shape-top\" aria-hidden=\"true\" data-negative=\"true\">\n\t\t\t<svg xmlns=\"http:\/\/www.w3.org\/2000\/svg\" viewbox=\"0 0 1000 100\" preserveaspectratio=\"none\">\n\t<path class=\"elementor-shape-fill\" d=\"M500,97C126.7,96.3,0.8,19.8,0,0v100l1000,0V1C1000,19.4,873.3,97.8,500,97z\"\/>\n<\/svg>\t\t<\/div>\n\t\t\t\t\t<div class=\"elementor-container elementor-column-gap-default\">\n\t\t\t\t\t<div class=\"elementor-column elementor-col-100 elementor-top-column elementor-element elementor-element-89f25af\" data-id=\"89f25af\" data-element_type=\"column\" data-e-type=\"column\">\n\t\t\t<div class=\"elementor-widget-wrap elementor-element-populated\">\n\t\t\t\t\t\t<div class=\"elementor-element elementor-element-a0a4d33 elementor-widget__width-auto elementor-widget elementor-widget-heading\" data-id=\"a0a4d33\" data-element_type=\"widget\" data-e-type=\"widget\" data-widget_type=\"heading.default\">\n\t\t\t\t<div class=\"elementor-widget-container\">\n\t\t\t\t\t<h3 class=\"elementor-heading-title elementor-size-default\">Share on social media<\/h3>\t\t\t\t<\/div>\n\t\t\t\t<\/div>\n\t\t\t\t<div class=\"elementor-element elementor-element-77624cb elementor-widget__width-auto elementor-share-buttons--view-icon-text elementor-share-buttons--skin-gradient elementor-share-buttons--shape-square elementor-grid-0 elementor-share-buttons--color-official elementor-widget elementor-widget-share-buttons\" data-id=\"77624cb\" data-element_type=\"widget\" data-e-type=\"widget\" data-widget_type=\"share-buttons.default\">\n\t\t\t\t<div class=\"elementor-widget-container\">\n\t\t\t\t\t\t\t<div class=\"elementor-grid\" role=\"list\">\n\t\t\t\t\t\t\t\t<div class=\"elementor-grid-item\" role=\"listitem\">\n\t\t\t\t\t\t<div class=\"elementor-share-btn elementor-share-btn_facebook\" role=\"button\" tabindex=\"0\" aria-label=\"Share on facebook\">\n\t\t\t\t\t\t\t\t\t\t\t\t\t\t\t<span class=\"elementor-share-btn__icon\">\n\t\t\t\t\t\t\t\t<i class=\"fab fa-facebook\" aria-hidden=\"true\"><\/i>\t\t\t\t\t\t\t<\/span>\n\t\t\t\t\t\t\t\t\t\t\t\t\t\t\t\t\t\t\t\t\t\t<div class=\"elementor-share-btn__text\">\n\t\t\t\t\t\t\t\t\t\t\t\t\t\t\t\t\t\t\t<span class=\"elementor-share-btn__title\">\n\t\t\t\t\t\t\t\t\t\tFacebook\t\t\t\t\t\t\t\t\t<\/span>\n\t\t\t\t\t\t\t\t\t\t\t\t\t\t\t\t\t<\/div>\n\t\t\t\t\t\t\t\t\t\t\t\t\t<\/div>\n\t\t\t\t\t<\/div>\n\t\t\t\t\t\t\t\t\t<div class=\"elementor-grid-item\" role=\"listitem\">\n\t\t\t\t\t\t<div class=\"elementor-share-btn elementor-share-btn_twitter\" role=\"button\" tabindex=\"0\" aria-label=\"Share on twitter\">\n\t\t\t\t\t\t\t\t\t\t\t\t\t\t\t<span class=\"elementor-share-btn__icon\">\n\t\t\t\t\t\t\t\t<i class=\"fab fa-twitter\" aria-hidden=\"true\"><\/i>\t\t\t\t\t\t\t<\/span>\n\t\t\t\t\t\t\t\t\t\t\t\t\t\t\t\t\t\t\t\t\t\t<div class=\"elementor-share-btn__text\">\n\t\t\t\t\t\t\t\t\t\t\t\t\t\t\t\t\t\t\t<span class=\"elementor-share-btn__title\">\n\t\t\t\t\t\t\t\t\t\tTwitter\t\t\t\t\t\t\t\t\t<\/span>\n\t\t\t\t\t\t\t\t\t\t\t\t\t\t\t\t\t<\/div>\n\t\t\t\t\t\t\t\t\t\t\t\t\t<\/div>\n\t\t\t\t\t<\/div>\n\t\t\t\t\t\t\t\t\t<div class=\"elementor-grid-item\" role=\"listitem\">\n\t\t\t\t\t\t<div class=\"elementor-share-btn elementor-share-btn_linkedin\" role=\"button\" tabindex=\"0\" aria-label=\"Share on linkedin\">\n\t\t\t\t\t\t\t\t\t\t\t\t\t\t\t<span class=\"elementor-share-btn__icon\">\n\t\t\t\t\t\t\t\t<i class=\"fab fa-linkedin\" aria-hidden=\"true\"><\/i>\t\t\t\t\t\t\t<\/span>\n\t\t\t\t\t\t\t\t\t\t\t\t\t\t\t\t\t\t\t\t\t\t<div class=\"elementor-share-btn__text\">\n\t\t\t\t\t\t\t\t\t\t\t\t\t\t\t\t\t\t\t<span class=\"elementor-share-btn__title\">\n\t\t\t\t\t\t\t\t\t\tLinkedIn\t\t\t\t\t\t\t\t\t<\/span>\n\t\t\t\t\t\t\t\t\t\t\t\t\t\t\t\t\t<\/div>\n\t\t\t\t\t\t\t\t\t\t\t\t\t<\/div>\n\t\t\t\t\t<\/div>\n\t\t\t\t\t\t<\/div>\n\t\t\t\t\t\t<\/div>\n\t\t\t\t<\/div>\n\t\t\t\t\t<\/div>\n\t\t<\/div>\n\t\t\t\t\t<\/div>\n\t\t<\/section>\n\t\t\t\t<\/div>","protected":false},"excerpt":{"rendered":"<p>Izjava o pristupa\u010dnosti Nastavni zavod za javno zdravstvo Splitsko-dalmatinske \u017eupanije nastoji svoje internetske stranice u\u010diniti pristupa\u010dnima u skladu sa Zakonom o pristupa\u010dnosti mre\u017enih stranica i programskih rje\u0161enja za pokretne ure\u0111aje tijela javnog sektora Republike Hrvatske (NN 17\/19) od 23. rujna 2019., kojim se prenosi Direktiva (EU) 2016\/2102 Europskog parlamenta i Vije\u0107a (1) u nacionalno zakonodavstvo. [&hellip;]<\/p>\n","protected":false},"author":1,"featured_media":0,"parent":0,"menu_order":13,"comment_status":"closed","ping_status":"closed","template":"","meta":{"inline_featured_image":false,"footnotes":""},"class_list":["post-368","page","type-page","status-publish","hentry"],"yoast_head":"<!-- This site is optimized with the Yoast SEO plugin v27.3 - https:\/\/yoast.com\/product\/yoast-seo-wordpress\/ -->\n<title>NZJZ SD\u017d - Izjava o pristupa\u010dnosti<\/title>\n<meta name=\"description\" content=\"Slu\u017ebene internet stranice Nastavnog Zavoda za javno zdravstvo Splitsko-dalmatinske \u017eupanije.\" \/>\n<meta name=\"robots\" content=\"index, follow, max-snippet:-1, max-image-preview:large, max-video-preview:-1\" \/>\n<link rel=\"canonical\" href=\"https:\/\/nzjz-split.hr\/en\/accessibility-statement\/\" \/>\n<meta property=\"og:locale\" content=\"en_GB\" \/>\n<meta property=\"og:type\" content=\"article\" \/>\n<meta property=\"og:title\" content=\"NZJZ SD\u017d - Izjava o pristupa\u010dnosti\" \/>\n<meta property=\"og:description\" content=\"Slu\u017ebene internet stranice Nastavnog Zavoda za javno zdravstvo Splitsko-dalmatinske \u017eupanije.\" \/>\n<meta property=\"og:url\" content=\"https:\/\/nzjz-split.hr\/en\/accessibility-statement\/\" \/>\n<meta property=\"og:site_name\" content=\"NZJZ SD\u017d\" \/>\n<meta property=\"article:publisher\" content=\"https:\/\/www.facebook.com\/NzjzSdz\" \/>\n<meta property=\"article:modified_time\" content=\"2024-11-26T11:32:28+00:00\" \/>\n<meta property=\"og:image\" content=\"https:\/\/nzjz-split.hr\/wp-content\/uploads\/2021\/05\/nzjz-sdz-favicon-bg.png\" \/>\n\t<meta property=\"og:image:width\" content=\"220\" \/>\n\t<meta property=\"og:image:height\" content=\"220\" \/>\n\t<meta property=\"og:image:type\" content=\"image\/png\" \/>\n<meta name=\"twitter:card\" content=\"summary_large_image\" \/>\n<meta name=\"twitter:label1\" content=\"Estimated reading time\" \/>\n\t<meta name=\"twitter:data1\" content=\"4 minutes\" \/>\n<script type=\"application\/ld+json\" class=\"yoast-schema-graph\">{\"@context\":\"https:\\\/\\\/schema.org\",\"@graph\":[{\"@type\":\"WebPage\",\"@id\":\"https:\\\/\\\/nzjz-split.hr\\\/izjava-o-pristupacnosti-nzjz-sdz\\\/\",\"url\":\"https:\\\/\\\/nzjz-split.hr\\\/izjava-o-pristupacnosti-nzjz-sdz\\\/\",\"name\":\"NZJZ SD\u017d - Izjava o pristupa\u010dnosti\",\"isPartOf\":{\"@id\":\"https:\\\/\\\/nzjz-split.hr\\\/#website\"},\"datePublished\":\"2021-04-19T12:34:30+00:00\",\"dateModified\":\"2024-11-26T11:32:28+00:00\",\"description\":\"Slu\u017ebene internet stranice Nastavnog Zavoda za javno zdravstvo Splitsko-dalmatinske \u017eupanije.\",\"breadcrumb\":{\"@id\":\"https:\\\/\\\/nzjz-split.hr\\\/izjava-o-pristupacnosti-nzjz-sdz\\\/#breadcrumb\"},\"inLanguage\":\"en-GB\",\"potentialAction\":[{\"@type\":\"ReadAction\",\"target\":[\"https:\\\/\\\/nzjz-split.hr\\\/izjava-o-pristupacnosti-nzjz-sdz\\\/\"]}]},{\"@type\":\"BreadcrumbList\",\"@id\":\"https:\\\/\\\/nzjz-split.hr\\\/izjava-o-pristupacnosti-nzjz-sdz\\\/#breadcrumb\",\"itemListElement\":[{\"@type\":\"ListItem\",\"position\":1,\"name\":\"Naslovnica\",\"item\":\"https:\\\/\\\/nzjz-split.hr\\\/\"},{\"@type\":\"ListItem\",\"position\":2,\"name\":\"Izjava o pristupa\u010dnosti\"}]},{\"@type\":\"WebSite\",\"@id\":\"https:\\\/\\\/nzjz-split.hr\\\/#website\",\"url\":\"https:\\\/\\\/nzjz-split.hr\\\/\",\"name\":\"NZJZ SD\u017d\",\"description\":\"Nastavni zavod za javno zdravstvo Splitsko - dalmatinske \u017eupanije\",\"publisher\":{\"@id\":\"https:\\\/\\\/nzjz-split.hr\\\/#organization\"},\"potentialAction\":[{\"@type\":\"SearchAction\",\"target\":{\"@type\":\"EntryPoint\",\"urlTemplate\":\"https:\\\/\\\/nzjz-split.hr\\\/?s={search_term_string}\"},\"query-input\":{\"@type\":\"PropertyValueSpecification\",\"valueRequired\":true,\"valueName\":\"search_term_string\"}}],\"inLanguage\":\"en-GB\"},{\"@type\":\"Organization\",\"@id\":\"https:\\\/\\\/nzjz-split.hr\\\/#organization\",\"name\":\"Nastavni zavod za javno zdravstvo Splitsko - dalmatinske \u017eupanije\",\"url\":\"https:\\\/\\\/nzjz-split.hr\\\/\",\"logo\":{\"@type\":\"ImageObject\",\"inLanguage\":\"en-GB\",\"@id\":\"https:\\\/\\\/nzjz-split.hr\\\/#\\\/schema\\\/logo\\\/image\\\/\",\"url\":\"https:\\\/\\\/nzjz-split.hr\\\/wp-content\\\/uploads\\\/2021\\\/05\\\/nzjz-sdz-favicon-bg.png\",\"contentUrl\":\"https:\\\/\\\/nzjz-split.hr\\\/wp-content\\\/uploads\\\/2021\\\/05\\\/nzjz-sdz-favicon-bg.png\",\"width\":220,\"height\":220,\"caption\":\"Nastavni zavod za javno zdravstvo Splitsko - dalmatinske \u017eupanije\"},\"image\":{\"@id\":\"https:\\\/\\\/nzjz-split.hr\\\/#\\\/schema\\\/logo\\\/image\\\/\"},\"sameAs\":[\"https:\\\/\\\/www.facebook.com\\\/NzjzSdz\"]}]}<\/script>\n<!-- \/ Yoast SEO plugin. -->","yoast_head_json":{"title":"NZJZ SD\u017d - Izjava o pristupa\u010dnosti","description":"Slu\u017ebene internet stranice Nastavnog Zavoda za javno zdravstvo Splitsko-dalmatinske \u017eupanije.","robots":{"index":"index","follow":"follow","max-snippet":"max-snippet:-1","max-image-preview":"max-image-preview:large","max-video-preview":"max-video-preview:-1"},"canonical":"https:\/\/nzjz-split.hr\/en\/accessibility-statement\/","og_locale":"en_GB","og_type":"article","og_title":"NZJZ SD\u017d - Izjava o pristupa\u010dnosti","og_description":"Slu\u017ebene internet stranice Nastavnog Zavoda za javno zdravstvo Splitsko-dalmatinske \u017eupanije.","og_url":"https:\/\/nzjz-split.hr\/en\/accessibility-statement\/","og_site_name":"NZJZ SD\u017d","article_publisher":"https:\/\/www.facebook.com\/NzjzSdz","article_modified_time":"2024-11-26T11:32:28+00:00","og_image":[{"width":220,"height":220,"url":"https:\/\/nzjz-split.hr\/wp-content\/uploads\/2021\/05\/nzjz-sdz-favicon-bg.png","type":"image\/png"}],"twitter_card":"summary_large_image","twitter_misc":{"Estimated reading time":"4 minutes"},"schema":{"@context":"https:\/\/schema.org","@graph":[{"@type":"WebPage","@id":"https:\/\/nzjz-split.hr\/izjava-o-pristupacnosti-nzjz-sdz\/","url":"https:\/\/nzjz-split.hr\/izjava-o-pristupacnosti-nzjz-sdz\/","name":"NZJZ SD\u017d - Izjava o pristupa\u010dnosti","isPartOf":{"@id":"https:\/\/nzjz-split.hr\/#website"},"datePublished":"2021-04-19T12:34:30+00:00","dateModified":"2024-11-26T11:32:28+00:00","description":"Slu\u017ebene internet stranice Nastavnog Zavoda za javno zdravstvo Splitsko-dalmatinske \u017eupanije.","breadcrumb":{"@id":"https:\/\/nzjz-split.hr\/izjava-o-pristupacnosti-nzjz-sdz\/#breadcrumb"},"inLanguage":"en-GB","potentialAction":[{"@type":"ReadAction","target":["https:\/\/nzjz-split.hr\/izjava-o-pristupacnosti-nzjz-sdz\/"]}]},{"@type":"BreadcrumbList","@id":"https:\/\/nzjz-split.hr\/izjava-o-pristupacnosti-nzjz-sdz\/#breadcrumb","itemListElement":[{"@type":"ListItem","position":1,"name":"Naslovnica","item":"https:\/\/nzjz-split.hr\/"},{"@type":"ListItem","position":2,"name":"Izjava o pristupa\u010dnosti"}]},{"@type":"WebSite","@id":"https:\/\/nzjz-split.hr\/#website","url":"https:\/\/nzjz-split.hr\/","name":"NZJZ SD\u017d","description":"Teaching Institute for Public Health, Split - Dalmatia County","publisher":{"@id":"https:\/\/nzjz-split.hr\/#organization"},"potentialAction":[{"@type":"SearchAction","target":{"@type":"EntryPoint","urlTemplate":"https:\/\/nzjz-split.hr\/?s={search_term_string}"},"query-input":{"@type":"PropertyValueSpecification","valueRequired":true,"valueName":"search_term_string"}}],"inLanguage":"en-GB"},{"@type":"Organization","@id":"https:\/\/nzjz-split.hr\/#organization","name":"Teaching Institute for Public Health, Split - Dalmatia County","url":"https:\/\/nzjz-split.hr\/","logo":{"@type":"ImageObject","inLanguage":"en-GB","@id":"https:\/\/nzjz-split.hr\/#\/schema\/logo\/image\/","url":"https:\/\/nzjz-split.hr\/wp-content\/uploads\/2021\/05\/nzjz-sdz-favicon-bg.png","contentUrl":"https:\/\/nzjz-split.hr\/wp-content\/uploads\/2021\/05\/nzjz-sdz-favicon-bg.png","width":220,"height":220,"caption":"Nastavni zavod za javno zdravstvo Splitsko - dalmatinske \u017eupanije"},"image":{"@id":"https:\/\/nzjz-split.hr\/#\/schema\/logo\/image\/"},"sameAs":["https:\/\/www.facebook.com\/NzjzSdz"]}]}},"_links":{"self":[{"href":"https:\/\/nzjz-split.hr\/en\/wp-json\/wp\/v2\/pages\/368","targetHints":{"allow":["GET"]}}],"collection":[{"href":"https:\/\/nzjz-split.hr\/en\/wp-json\/wp\/v2\/pages"}],"about":[{"href":"https:\/\/nzjz-split.hr\/en\/wp-json\/wp\/v2\/types\/page"}],"author":[{"embeddable":true,"href":"https:\/\/nzjz-split.hr\/en\/wp-json\/wp\/v2\/users\/1"}],"replies":[{"embeddable":true,"href":"https:\/\/nzjz-split.hr\/en\/wp-json\/wp\/v2\/comments?post=368"}],"version-history":[{"count":29,"href":"https:\/\/nzjz-split.hr\/en\/wp-json\/wp\/v2\/pages\/368\/revisions"}],"predecessor-version":[{"id":24975,"href":"https:\/\/nzjz-split.hr\/en\/wp-json\/wp\/v2\/pages\/368\/revisions\/24975"}],"wp:attachment":[{"href":"https:\/\/nzjz-split.hr\/en\/wp-json\/wp\/v2\/media?parent=368"}],"curies":[{"name":"wp","href":"https:\/\/api.w.org\/{rel}","templated":true}]}}