{"id":372,"date":"2021-04-19T12:42:32","date_gmt":"2021-04-19T12:42:32","guid":{"rendered":"https:\/\/nzjz.wpengine.com\/?page_id=372"},"modified":"2023-07-31T14:15:48","modified_gmt":"2023-07-31T12:15:48","slug":"pravo-na-pristup-informacijama","status":"publish","type":"page","link":"https:\/\/nzjz-split.hr\/en\/pravo-na-pristup-informacijama\/","title":{"rendered":"The right to access information"},"content":{"rendered":"<div data-elementor-type=\"wp-page\" data-elementor-id=\"372\" class=\"elementor elementor-372\" data-elementor-post-type=\"page\">\n\t\t\t\t\t\t<section class=\"elementor-section elementor-top-section elementor-element elementor-element-88d7e46 elementor-reverse-mobile elementor-section-boxed elementor-section-height-default elementor-section-height-default\" data-id=\"88d7e46\" data-element_type=\"section\" data-e-type=\"section\" data-settings=\"{&quot;background_background&quot;:&quot;classic&quot;}\">\n\t\t\t\t\t\t\t<div class=\"elementor-background-overlay\"><\/div>\n\t\t\t\t\t\t\t<div class=\"elementor-container elementor-column-gap-default\">\n\t\t\t\t\t<div class=\"elementor-column elementor-col-50 elementor-top-column elementor-element elementor-element-cb7985b\" data-id=\"cb7985b\" data-element_type=\"column\" data-e-type=\"column\">\n\t\t\t<div class=\"elementor-widget-wrap elementor-element-populated\">\n\t\t\t\t\t\t<div class=\"elementor-element elementor-element-5cd6463 elementor-widget elementor-widget-heading\" data-id=\"5cd6463\" data-element_type=\"widget\" data-e-type=\"widget\" data-widget_type=\"heading.default\">\n\t\t\t\t<div class=\"elementor-widget-container\">\n\t\t\t\t\t<h2 class=\"elementor-heading-title elementor-size-default\">ACCESS TO INFORMATION<\/h2>\t\t\t\t<\/div>\n\t\t\t\t<\/div>\n\t\t\t\t\t<\/div>\n\t\t<\/div>\n\t\t\t\t<div class=\"elementor-column elementor-col-50 elementor-top-column elementor-element elementor-element-5922bf6\" data-id=\"5922bf6\" data-element_type=\"column\" data-e-type=\"column\">\n\t\t\t<div class=\"elementor-widget-wrap elementor-element-populated\">\n\t\t\t\t\t\t<div class=\"elementor-element elementor-element-7d452f2 elementor-widget elementor-widget-spacer\" data-id=\"7d452f2\" data-element_type=\"widget\" data-e-type=\"widget\" data-widget_type=\"spacer.default\">\n\t\t\t\t<div class=\"elementor-widget-container\">\n\t\t\t\t\t\t\t<div class=\"elementor-spacer\">\n\t\t\t<div class=\"elementor-spacer-inner\"><\/div>\n\t\t<\/div>\n\t\t\t\t\t\t<\/div>\n\t\t\t\t<\/div>\n\t\t\t\t\t<\/div>\n\t\t<\/div>\n\t\t\t\t\t<\/div>\n\t\t<\/section>\n\t\t\t\t<section class=\"elementor-section elementor-top-section elementor-element elementor-element-fe0697b elementor-section-boxed elementor-section-height-default elementor-section-height-default\" data-id=\"fe0697b\" data-element_type=\"section\" data-e-type=\"section\">\n\t\t\t\t\t\t<div class=\"elementor-container elementor-column-gap-default\">\n\t\t\t\t\t<div class=\"elementor-column elementor-col-100 elementor-top-column elementor-element elementor-element-9f3f1a3\" data-id=\"9f3f1a3\" data-element_type=\"column\" data-e-type=\"column\">\n\t\t\t<div class=\"elementor-widget-wrap elementor-element-populated\">\n\t\t\t\t\t\t<div class=\"elementor-element elementor-element-ce6d255 elementor-widget elementor-widget-text-editor\" data-id=\"ce6d255\" data-element_type=\"widget\" data-e-type=\"widget\" data-widget_type=\"text-editor.default\">\n\t\t\t\t<div class=\"elementor-widget-container\">\n\t\t\t\t\t\t\t\t\t<p>Zakon o pravu na pristup informacijama (<a href=\"http:\/\/narodne-novine.nn.hr\/clanci\/sluzbeni\/2013_02_25_403.html\">Narodne novine 25\/13<\/a>,\u00a0<a href=\"http:\/\/narodne-novine.nn.hr\/clanci\/sluzbeni\/2015_08_85_1649.html\">85\/15<\/a>, <a href=\"https:\/\/narodne-novine.nn.hr\/clanci\/sluzbeni\/2022_06_69_1025.html\">69\/22<\/a>) ima za cilj omogu\u0107iti pristup informacijama fizi\u010dkim i pravnim osobama putem otvorenosti i javnosti djelovanja tijela javne vlasti.<\/p><p>Pravo na informaciju slijedom Zakona ostvaruje se podno\u0161enjem zahtjeva putem potpuno ispunjenog\u00a0<a href=\"https:\/\/nzjz-split.hr\/wp-content\/uploads\/2023\/07\/obrazac_2_zahtjev_za_pristup_informacijama.docx\">Obrasca zahtjeva za pristup informacijama<\/a>.\u00a0<\/p><p><strong>Zahtjev za ostvarivanje prava na pristup informacijama mo\u017ee se podnijeti:<\/strong><\/p><ul><li>pisanim putem na adresu: Nastavni zavod za javno zdravstvo Splitsko-dalmatinske \u017eupanije, Vukovarska 46, 21 000 Split;<\/li><li>elektroni\u010dkim putem na adresu:\u00a0<a href=\"mailto:iva.bego@nzjz-split.hr\">iva.bego@nzjz-split.hr<\/a>;<\/li><li>osobno u Protokolu Nastavnog zavoda radnim danom u vremenu od 8,00 do 15,00 sati.\u00a0<\/li><\/ul><p><strong>\u00a0<\/strong><\/p><p><strong>Zahtjev za pristup informacijama, da bi bio valjan, obavezno mora sadr\u017eavati:<\/strong><\/p><ul><li>izjavu stranke da se poziva na Zakon o pravu na pristup informacijama;<\/li><li>naziv i sjedi\u0161te tijela javne vlasti kojem se zahtjev podnosi;<\/li><li>podatke koji su va\u017eni za prepoznavanje tra\u017eene informacije;<\/li><li>ime i prezime i potpunu adresu stanovanja fizi\u010dke osobe koja podnosi zahtjev;<\/li><li>tvrtku, odnosno naziv pravne osobe i njezino sjedi\u0161te.<\/li><\/ul><p>Nepotpuni zahtjevi ne mogu se uputiti u postupak.<\/p><p>Podnositelj zahtjeva nije obvezan navesti razloge zbog kojih tra\u017ei pristup informaciji, a u zahtjevu mo\u017ee predlo\u017eiti i na\u010din na koji \u0107e tijelo javne vlasti u\u010diniti informaciju dostupnom.<\/p><p>Slu\u017ebenica za informiranje Nastavnoga zavoda za javno zdravstvo Splitsko-dalmatinske \u017eupanije je <strong>Iva Bego Tadin, mag. iur., <\/strong>Voditeljica Odjela za kadrovske i tehni\u010dke poslove Nastavnog zavoda.<\/p><p>Telefon: 021 40 11 48<br \/>E-mail:\u00a0<a href=\"mailto:iva.bego@nzjz-split.hr\">iva.bego@nzjz-split.hr<\/a><\/p><p>Za zamjenika slu\u017ebenika za informiranje za vrijeme kori\u0161tenja godi\u0161njih odmora, bolovanja i druge sprije\u010denosti za rad odre\u0111uje se <strong>Dragica Matas, mag. admin. publ.<\/strong>, Tajnica Ravnateljice Nastavnog zavoda.\u00a0<\/p><p>Telefon: 021 40 11 37<br \/>E-mail:\u00a0<a href=\"mailto:tajnica@nzjz-split.hr\">tajnica@nzjz-split.hr<\/a><\/p><p><strong>\u00a0<\/strong><\/p><p><strong>Information access fee<\/strong><\/p><p>The public authority is entitled to reimbursement of the actual material costs incurred in providing the information to the user of the right to access and re-use the information, as well as to reimburse the costs of providing the requested information.<br \/>Visina naknade za pristup informacijama i ponovnu uporabu informacija, odre\u0111ena je sukladno kriterijima iz \u010dlanka 19. stavka 3. Zakona o pravu na pristup informacijama.<\/p><p><a href=\"https:\/\/narodne-novine.nn.hr\/clanci\/sluzbeni\/2014_01_12_231.html\">Kriterije za odre\u0111ivanje visine naknade i na\u010din naplate naknade<\/a> propisao je Povjerenik za informiranje.<\/p><p><a href=\"https:\/\/narodne-novine.nn.hr\/clanci\/sluzbeni\/2022_12_141_2149.html\">Izmjene kriterija za odre\u0111ivanje visine naknade stvarnih materijalnih tro\u0161kova i tro\u0161kova dostave informacije (NN 141\/22)<\/a><\/p><p><strong>\u00a0<\/strong><\/p><p><strong>Ponovna uporaba informacija<\/strong><\/p><p>Ponovna uporaba informacija, u skladu s \u010dlankom 5. stavkom 1. to\u010dkom 6. Zakona \u201ezna\u010di uporabu informacija tijela javne vlasti od strane fizi\u010dkih ili pravnih osoba, u komercijalnu ili nekomercijalnu svrhu razli\u010ditu od izvorne svrhe za koju su informacije nastale, a koja se ostvaruje u okviru zakonom ili drugim propisom odre\u0111enog djelokruga ili posla koji se uobi\u010dajeno smatra javnim poslom. Razmjena informacija izme\u0111u tijela javne vlasti radi obavljanja poslova iz njihova djelokruga ne predstavlja ponovnu uporabu\u201c.<\/p><p>U svrhu ponovne uporabe tijela javne vlasti nemaju obvezu informaciju izraditi, prilago\u0111avati ili izdvajati dijelove informacija ako to zahtijeva nerazmjeran utro\u0161ak vremena ili sredstava, niti se od tijela javne vlasti mo\u017ee zahtijevati da nastavi a\u017eurirati, nadogra\u0111ivati i pohranjivati informacije u svrhu ponovne uporabe.<\/p><p>\u00a0<\/p><p><strong>Forms<\/strong><\/p><p><a href=\"https:\/\/nzjz-split.hr\/wp-content\/uploads\/2023\/07\/obrazac_4_zahtjev_za_ponovnu_uporabu_informacije.docx\" target=\"_blank\" rel=\"noopener\">Obrazac &#8211; zahtjev za ponovnu uporabu informacije<\/a><\/p><p><a href=\"https:\/\/nzjz-split.hr\/wp-content\/uploads\/2023\/07\/obrazac_3_zahtjev_za_dopunu_ili_ispravak_informacije.docx\" target=\"_blank\" rel=\"noopener\">Obrazac &#8211; zahtjev za dopunu ili ispravak informacije<\/a><\/p><p><a href=\"https:\/\/nzjz-split.hr\/wp-content\/uploads\/2023\/07\/zalba_protiv_rjesenja_ponovne_uporabe_informacija.docx\" target=\"_blank\" rel=\"noopener\">\u017dalba protiv rje\u0161enja ponovne uporabe informacija<\/a><\/p><p><a href=\"https:\/\/nzjz-split.hr\/wp-content\/uploads\/2023\/07\/zalba_protiv_rjesenja_pristupa_informacijama.docx\" target=\"_blank\" rel=\"noopener\">\u017dalba protiv rje\u0161enja pristupa informacijama<\/a><\/p><p><a href=\"https:\/\/nzjz-split.hr\/wp-content\/uploads\/2023\/07\/zalba_sutnja_uprave_ponovna_uporaba_informacija.docx\" target=\"_blank\" rel=\"noopener\">\u017dalba \u0161utnja uprave &#8211; ponovna uporaba informacija<\/a><\/p><p><a href=\"https:\/\/nzjz-split.hr\/wp-content\/uploads\/2023\/07\/zalba_sutnja_uprave_pristup_informacijama.docx\" target=\"_blank\" rel=\"noopener\">\u017dalba \u0161utnja uprave &#8211; pristup informacijama<\/a><\/p><p>\u00a0<\/p><p><strong>Godi\u0161nje izvje\u0161\u0107e<\/strong><\/p><p><a href=\"https:\/\/nzjz-split.hr\/wp-content\/uploads\/2023\/07\/Godisnje_izvjesce.pdf\">Izvje\u0161\u0107e o provedbi Zakona o pravu na pristup informacijama za 2022. godinu<\/a><\/p>\t\t\t\t\t\t\t\t<\/div>\n\t\t\t\t<\/div>\n\t\t\t\t\t<\/div>\n\t\t<\/div>\n\t\t\t\t\t<\/div>\n\t\t<\/section>\n\t\t\t\t<section class=\"elementor-section elementor-top-section elementor-element elementor-element-e9d4984 elementor-section-boxed elementor-section-height-default elementor-section-height-default\" data-id=\"e9d4984\" data-element_type=\"section\" data-e-type=\"section\" data-settings=\"{&quot;background_background&quot;:&quot;classic&quot;,&quot;shape_divider_top&quot;:&quot;curve&quot;,&quot;shape_divider_top_negative&quot;:&quot;yes&quot;}\">\n\t\t\t\t\t<div class=\"elementor-shape elementor-shape-top\" aria-hidden=\"true\" data-negative=\"true\">\n\t\t\t<svg xmlns=\"http:\/\/www.w3.org\/2000\/svg\" viewbox=\"0 0 1000 100\" preserveaspectratio=\"none\">\n\t<path class=\"elementor-shape-fill\" d=\"M500,97C126.7,96.3,0.8,19.8,0,0v100l1000,0V1C1000,19.4,873.3,97.8,500,97z\"\/>\n<\/svg>\t\t<\/div>\n\t\t\t\t\t<div class=\"elementor-container elementor-column-gap-default\">\n\t\t\t\t\t<div class=\"elementor-column elementor-col-100 elementor-top-column elementor-element elementor-element-83dcc1b\" data-id=\"83dcc1b\" data-element_type=\"column\" data-e-type=\"column\">\n\t\t\t<div class=\"elementor-widget-wrap elementor-element-populated\">\n\t\t\t\t\t\t<div class=\"elementor-element elementor-element-4d8a184 elementor-widget__width-auto elementor-widget elementor-widget-heading\" data-id=\"4d8a184\" data-element_type=\"widget\" data-e-type=\"widget\" data-widget_type=\"heading.default\">\n\t\t\t\t<div class=\"elementor-widget-container\">\n\t\t\t\t\t<h3 class=\"elementor-heading-title elementor-size-default\">Share on social media<\/h3>\t\t\t\t<\/div>\n\t\t\t\t<\/div>\n\t\t\t\t<div class=\"elementor-element elementor-element-a0ef3ad elementor-widget__width-auto elementor-share-buttons--view-icon-text elementor-share-buttons--skin-gradient elementor-share-buttons--shape-square elementor-grid-0 elementor-share-buttons--color-official elementor-widget elementor-widget-share-buttons\" data-id=\"a0ef3ad\" data-element_type=\"widget\" data-e-type=\"widget\" data-widget_type=\"share-buttons.default\">\n\t\t\t\t<div class=\"elementor-widget-container\">\n\t\t\t\t\t\t\t<div class=\"elementor-grid\" role=\"list\">\n\t\t\t\t\t\t\t\t<div class=\"elementor-grid-item\" role=\"listitem\">\n\t\t\t\t\t\t<div class=\"elementor-share-btn elementor-share-btn_facebook\" role=\"button\" tabindex=\"0\" aria-label=\"Share on facebook\">\n\t\t\t\t\t\t\t\t\t\t\t\t\t\t\t<span class=\"elementor-share-btn__icon\">\n\t\t\t\t\t\t\t\t<i class=\"fab fa-facebook\" aria-hidden=\"true\"><\/i>\t\t\t\t\t\t\t<\/span>\n\t\t\t\t\t\t\t\t\t\t\t\t\t\t\t\t\t\t\t\t\t\t<div class=\"elementor-share-btn__text\">\n\t\t\t\t\t\t\t\t\t\t\t\t\t\t\t\t\t\t\t<span class=\"elementor-share-btn__title\">\n\t\t\t\t\t\t\t\t\t\tFacebook\t\t\t\t\t\t\t\t\t<\/span>\n\t\t\t\t\t\t\t\t\t\t\t\t\t\t\t\t\t<\/div>\n\t\t\t\t\t\t\t\t\t\t\t\t\t<\/div>\n\t\t\t\t\t<\/div>\n\t\t\t\t\t\t\t\t\t<div class=\"elementor-grid-item\" role=\"listitem\">\n\t\t\t\t\t\t<div class=\"elementor-share-btn elementor-share-btn_twitter\" role=\"button\" tabindex=\"0\" aria-label=\"Share on twitter\">\n\t\t\t\t\t\t\t\t\t\t\t\t\t\t\t<span class=\"elementor-share-btn__icon\">\n\t\t\t\t\t\t\t\t<i class=\"fab fa-twitter\" aria-hidden=\"true\"><\/i>\t\t\t\t\t\t\t<\/span>\n\t\t\t\t\t\t\t\t\t\t\t\t\t\t\t\t\t\t\t\t\t\t<div class=\"elementor-share-btn__text\">\n\t\t\t\t\t\t\t\t\t\t\t\t\t\t\t\t\t\t\t<span class=\"elementor-share-btn__title\">\n\t\t\t\t\t\t\t\t\t\tTwitter\t\t\t\t\t\t\t\t\t<\/span>\n\t\t\t\t\t\t\t\t\t\t\t\t\t\t\t\t\t<\/div>\n\t\t\t\t\t\t\t\t\t\t\t\t\t<\/div>\n\t\t\t\t\t<\/div>\n\t\t\t\t\t\t\t\t\t<div class=\"elementor-grid-item\" role=\"listitem\">\n\t\t\t\t\t\t<div class=\"elementor-share-btn elementor-share-btn_linkedin\" role=\"button\" tabindex=\"0\" aria-label=\"Share on linkedin\">\n\t\t\t\t\t\t\t\t\t\t\t\t\t\t\t<span class=\"elementor-share-btn__icon\">\n\t\t\t\t\t\t\t\t<i class=\"fab fa-linkedin\" aria-hidden=\"true\"><\/i>\t\t\t\t\t\t\t<\/span>\n\t\t\t\t\t\t\t\t\t\t\t\t\t\t\t\t\t\t\t\t\t\t<div class=\"elementor-share-btn__text\">\n\t\t\t\t\t\t\t\t\t\t\t\t\t\t\t\t\t\t\t<span class=\"elementor-share-btn__title\">\n\t\t\t\t\t\t\t\t\t\tLinkedIn\t\t\t\t\t\t\t\t\t<\/span>\n\t\t\t\t\t\t\t\t\t\t\t\t\t\t\t\t\t<\/div>\n\t\t\t\t\t\t\t\t\t\t\t\t\t<\/div>\n\t\t\t\t\t<\/div>\n\t\t\t\t\t\t<\/div>\n\t\t\t\t\t\t<\/div>\n\t\t\t\t<\/div>\n\t\t\t\t\t<\/div>\n\t\t<\/div>\n\t\t\t\t\t<\/div>\n\t\t<\/section>\n\t\t\t\t<\/div>","protected":false},"excerpt":{"rendered":"<p>Pristup informacijama Zakon o pravu na pristup informacijama (Narodne novine 25\/13,\u00a085\/15, 69\/22) ima za cilj omogu\u0107iti pristup informacijama fizi\u010dkim i pravnim osobama putem otvorenosti i javnosti djelovanja tijela javne vlasti. Pravo na informaciju slijedom Zakona ostvaruje se podno\u0161enjem zahtjeva putem potpuno ispunjenog\u00a0Obrasca zahtjeva za pristup informacijama.\u00a0 Zahtjev za ostvarivanje prava na pristup informacijama mo\u017ee se [&hellip;]<\/p>\n","protected":false},"author":1,"featured_media":5420,"parent":0,"menu_order":12,"comment_status":"closed","ping_status":"closed","template":"","meta":{"inline_featured_image":false,"footnotes":""},"class_list":["post-372","page","type-page","status-publish","has-post-thumbnail","hentry"],"yoast_head":"<!-- This site is optimized with the Yoast SEO plugin v27.3 - https:\/\/yoast.com\/product\/yoast-seo-wordpress\/ -->\n<title>NZJZ SD\u017d - Pravo na pristup informacijama<\/title>\n<meta name=\"description\" content=\"Pravo na pristup informacijama Nastavnog Zavoda za javno zdravstvo Splitsko-dalmatinske \u017eupanije.\" \/>\n<meta name=\"robots\" content=\"index, follow, max-snippet:-1, max-image-preview:large, max-video-preview:-1\" \/>\n<link rel=\"canonical\" href=\"https:\/\/nzjz-split.hr\/en\/the-right-to-access-information\/\" \/>\n<meta property=\"og:locale\" content=\"en_GB\" \/>\n<meta property=\"og:type\" content=\"article\" \/>\n<meta property=\"og:title\" content=\"NZJZ SD\u017d - Pravo na pristup informacijama\" \/>\n<meta property=\"og:description\" content=\"Pravo na pristup informacijama Nastavnog Zavoda za javno zdravstvo Splitsko-dalmatinske \u017eupanije.\" \/>\n<meta property=\"og:url\" content=\"https:\/\/nzjz-split.hr\/en\/the-right-to-access-information\/\" \/>\n<meta property=\"og:site_name\" content=\"NZJZ SD\u017d\" \/>\n<meta property=\"article:publisher\" content=\"https:\/\/www.facebook.com\/NzjzSdz\" \/>\n<meta property=\"article:modified_time\" content=\"2023-07-31T12:15:48+00:00\" \/>\n<meta property=\"og:image\" content=\"https:\/\/nzjz-split.hr\/wp-content\/uploads\/2021\/05\/nzjz-sdz-social_cover-share.jpg\" \/>\n\t<meta property=\"og:image:width\" content=\"1200\" \/>\n\t<meta property=\"og:image:height\" content=\"800\" \/>\n\t<meta property=\"og:image:type\" content=\"image\/jpeg\" \/>\n<meta name=\"twitter:card\" content=\"summary_large_image\" \/>\n<meta name=\"twitter:image\" content=\"https:\/\/nzjz-split.hr\/wp-content\/uploads\/2021\/05\/nzjz-sdz-social_cover-share.jpg\" \/>\n<meta name=\"twitter:label1\" content=\"Estimated reading time\" \/>\n\t<meta name=\"twitter:data1\" content=\"3 minutes\" \/>\n<script type=\"application\/ld+json\" class=\"yoast-schema-graph\">{\"@context\":\"https:\\\/\\\/schema.org\",\"@graph\":[{\"@type\":\"WebPage\",\"@id\":\"https:\\\/\\\/nzjz-split.hr\\\/pravo-na-pristup-informacijama\\\/\",\"url\":\"https:\\\/\\\/nzjz-split.hr\\\/pravo-na-pristup-informacijama\\\/\",\"name\":\"NZJZ SD\u017d - Pravo na pristup informacijama\",\"isPartOf\":{\"@id\":\"https:\\\/\\\/nzjz-split.hr\\\/#website\"},\"primaryImageOfPage\":{\"@id\":\"https:\\\/\\\/nzjz-split.hr\\\/pravo-na-pristup-informacijama\\\/#primaryimage\"},\"image\":{\"@id\":\"https:\\\/\\\/nzjz-split.hr\\\/pravo-na-pristup-informacijama\\\/#primaryimage\"},\"thumbnailUrl\":\"https:\\\/\\\/nzjz-split.hr\\\/wp-content\\\/uploads\\\/2021\\\/05\\\/nzjz-sdz-social_cover-share.jpg\",\"datePublished\":\"2021-04-19T12:42:32+00:00\",\"dateModified\":\"2023-07-31T12:15:48+00:00\",\"description\":\"Pravo na pristup informacijama Nastavnog Zavoda za javno zdravstvo Splitsko-dalmatinske \u017eupanije.\",\"breadcrumb\":{\"@id\":\"https:\\\/\\\/nzjz-split.hr\\\/pravo-na-pristup-informacijama\\\/#breadcrumb\"},\"inLanguage\":\"en-GB\",\"potentialAction\":[{\"@type\":\"ReadAction\",\"target\":[\"https:\\\/\\\/nzjz-split.hr\\\/pravo-na-pristup-informacijama\\\/\"]}]},{\"@type\":\"ImageObject\",\"inLanguage\":\"en-GB\",\"@id\":\"https:\\\/\\\/nzjz-split.hr\\\/pravo-na-pristup-informacijama\\\/#primaryimage\",\"url\":\"https:\\\/\\\/nzjz-split.hr\\\/wp-content\\\/uploads\\\/2021\\\/05\\\/nzjz-sdz-social_cover-share.jpg\",\"contentUrl\":\"https:\\\/\\\/nzjz-split.hr\\\/wp-content\\\/uploads\\\/2021\\\/05\\\/nzjz-sdz-social_cover-share.jpg\",\"width\":1200,\"height\":800,\"caption\":\"Naslovna slika Nastavnog zavoda za javno zdravstvo Splitsko - dalmatinske \u017eupanije\"},{\"@type\":\"BreadcrumbList\",\"@id\":\"https:\\\/\\\/nzjz-split.hr\\\/pravo-na-pristup-informacijama\\\/#breadcrumb\",\"itemListElement\":[{\"@type\":\"ListItem\",\"position\":1,\"name\":\"Naslovnica\",\"item\":\"https:\\\/\\\/nzjz-split.hr\\\/\"},{\"@type\":\"ListItem\",\"position\":2,\"name\":\"Pravo na pristup informacijama\"}]},{\"@type\":\"WebSite\",\"@id\":\"https:\\\/\\\/nzjz-split.hr\\\/#website\",\"url\":\"https:\\\/\\\/nzjz-split.hr\\\/\",\"name\":\"NZJZ SD\u017d\",\"description\":\"Nastavni zavod za javno zdravstvo Splitsko - dalmatinske \u017eupanije\",\"publisher\":{\"@id\":\"https:\\\/\\\/nzjz-split.hr\\\/#organization\"},\"potentialAction\":[{\"@type\":\"SearchAction\",\"target\":{\"@type\":\"EntryPoint\",\"urlTemplate\":\"https:\\\/\\\/nzjz-split.hr\\\/?s={search_term_string}\"},\"query-input\":{\"@type\":\"PropertyValueSpecification\",\"valueRequired\":true,\"valueName\":\"search_term_string\"}}],\"inLanguage\":\"en-GB\"},{\"@type\":\"Organization\",\"@id\":\"https:\\\/\\\/nzjz-split.hr\\\/#organization\",\"name\":\"Nastavni zavod za javno zdravstvo Splitsko - dalmatinske \u017eupanije\",\"url\":\"https:\\\/\\\/nzjz-split.hr\\\/\",\"logo\":{\"@type\":\"ImageObject\",\"inLanguage\":\"en-GB\",\"@id\":\"https:\\\/\\\/nzjz-split.hr\\\/#\\\/schema\\\/logo\\\/image\\\/\",\"url\":\"https:\\\/\\\/nzjz-split.hr\\\/wp-content\\\/uploads\\\/2021\\\/05\\\/nzjz-sdz-favicon-bg.png\",\"contentUrl\":\"https:\\\/\\\/nzjz-split.hr\\\/wp-content\\\/uploads\\\/2021\\\/05\\\/nzjz-sdz-favicon-bg.png\",\"width\":220,\"height\":220,\"caption\":\"Nastavni zavod za javno zdravstvo Splitsko - dalmatinske \u017eupanije\"},\"image\":{\"@id\":\"https:\\\/\\\/nzjz-split.hr\\\/#\\\/schema\\\/logo\\\/image\\\/\"},\"sameAs\":[\"https:\\\/\\\/www.facebook.com\\\/NzjzSdz\"]}]}<\/script>\n<!-- \/ Yoast SEO plugin. -->","yoast_head_json":{"title":"NZJZ SD\u017d - Pravo na pristup informacijama","description":"Pravo na pristup informacijama Nastavnog Zavoda za javno zdravstvo Splitsko-dalmatinske \u017eupanije.","robots":{"index":"index","follow":"follow","max-snippet":"max-snippet:-1","max-image-preview":"max-image-preview:large","max-video-preview":"max-video-preview:-1"},"canonical":"https:\/\/nzjz-split.hr\/en\/the-right-to-access-information\/","og_locale":"en_GB","og_type":"article","og_title":"NZJZ SD\u017d - Pravo na pristup informacijama","og_description":"Pravo na pristup informacijama Nastavnog Zavoda za javno zdravstvo Splitsko-dalmatinske \u017eupanije.","og_url":"https:\/\/nzjz-split.hr\/en\/the-right-to-access-information\/","og_site_name":"NZJZ SD\u017d","article_publisher":"https:\/\/www.facebook.com\/NzjzSdz","article_modified_time":"2023-07-31T12:15:48+00:00","og_image":[{"width":1200,"height":800,"url":"https:\/\/nzjz-split.hr\/wp-content\/uploads\/2021\/05\/nzjz-sdz-social_cover-share.jpg","type":"image\/jpeg"}],"twitter_card":"summary_large_image","twitter_image":"https:\/\/nzjz-split.hr\/wp-content\/uploads\/2021\/05\/nzjz-sdz-social_cover-share.jpg","twitter_misc":{"Estimated reading time":"3 minutes"},"schema":{"@context":"https:\/\/schema.org","@graph":[{"@type":"WebPage","@id":"https:\/\/nzjz-split.hr\/pravo-na-pristup-informacijama\/","url":"https:\/\/nzjz-split.hr\/pravo-na-pristup-informacijama\/","name":"NZJZ SD\u017d - Pravo na pristup informacijama","isPartOf":{"@id":"https:\/\/nzjz-split.hr\/#website"},"primaryImageOfPage":{"@id":"https:\/\/nzjz-split.hr\/pravo-na-pristup-informacijama\/#primaryimage"},"image":{"@id":"https:\/\/nzjz-split.hr\/pravo-na-pristup-informacijama\/#primaryimage"},"thumbnailUrl":"https:\/\/nzjz-split.hr\/wp-content\/uploads\/2021\/05\/nzjz-sdz-social_cover-share.jpg","datePublished":"2021-04-19T12:42:32+00:00","dateModified":"2023-07-31T12:15:48+00:00","description":"Pravo na pristup informacijama Nastavnog Zavoda za javno zdravstvo Splitsko-dalmatinske \u017eupanije.","breadcrumb":{"@id":"https:\/\/nzjz-split.hr\/pravo-na-pristup-informacijama\/#breadcrumb"},"inLanguage":"en-GB","potentialAction":[{"@type":"ReadAction","target":["https:\/\/nzjz-split.hr\/pravo-na-pristup-informacijama\/"]}]},{"@type":"ImageObject","inLanguage":"en-GB","@id":"https:\/\/nzjz-split.hr\/pravo-na-pristup-informacijama\/#primaryimage","url":"https:\/\/nzjz-split.hr\/wp-content\/uploads\/2021\/05\/nzjz-sdz-social_cover-share.jpg","contentUrl":"https:\/\/nzjz-split.hr\/wp-content\/uploads\/2021\/05\/nzjz-sdz-social_cover-share.jpg","width":1200,"height":800,"caption":"Naslovna slika Nastavnog zavoda za javno zdravstvo Splitsko - dalmatinske \u017eupanije"},{"@type":"BreadcrumbList","@id":"https:\/\/nzjz-split.hr\/pravo-na-pristup-informacijama\/#breadcrumb","itemListElement":[{"@type":"ListItem","position":1,"name":"Naslovnica","item":"https:\/\/nzjz-split.hr\/"},{"@type":"ListItem","position":2,"name":"Pravo na pristup informacijama"}]},{"@type":"WebSite","@id":"https:\/\/nzjz-split.hr\/#website","url":"https:\/\/nzjz-split.hr\/","name":"NZJZ SD\u017d","description":"Teaching Institute for Public Health, Split - Dalmatia County","publisher":{"@id":"https:\/\/nzjz-split.hr\/#organization"},"potentialAction":[{"@type":"SearchAction","target":{"@type":"EntryPoint","urlTemplate":"https:\/\/nzjz-split.hr\/?s={search_term_string}"},"query-input":{"@type":"PropertyValueSpecification","valueRequired":true,"valueName":"search_term_string"}}],"inLanguage":"en-GB"},{"@type":"Organization","@id":"https:\/\/nzjz-split.hr\/#organization","name":"Teaching Institute for Public Health, Split - Dalmatia County","url":"https:\/\/nzjz-split.hr\/","logo":{"@type":"ImageObject","inLanguage":"en-GB","@id":"https:\/\/nzjz-split.hr\/#\/schema\/logo\/image\/","url":"https:\/\/nzjz-split.hr\/wp-content\/uploads\/2021\/05\/nzjz-sdz-favicon-bg.png","contentUrl":"https:\/\/nzjz-split.hr\/wp-content\/uploads\/2021\/05\/nzjz-sdz-favicon-bg.png","width":220,"height":220,"caption":"Nastavni zavod za javno zdravstvo Splitsko - dalmatinske \u017eupanije"},"image":{"@id":"https:\/\/nzjz-split.hr\/#\/schema\/logo\/image\/"},"sameAs":["https:\/\/www.facebook.com\/NzjzSdz"]}]}},"_links":{"self":[{"href":"https:\/\/nzjz-split.hr\/en\/wp-json\/wp\/v2\/pages\/372","targetHints":{"allow":["GET"]}}],"collection":[{"href":"https:\/\/nzjz-split.hr\/en\/wp-json\/wp\/v2\/pages"}],"about":[{"href":"https:\/\/nzjz-split.hr\/en\/wp-json\/wp\/v2\/types\/page"}],"author":[{"embeddable":true,"href":"https:\/\/nzjz-split.hr\/en\/wp-json\/wp\/v2\/users\/1"}],"replies":[{"embeddable":true,"href":"https:\/\/nzjz-split.hr\/en\/wp-json\/wp\/v2\/comments?post=372"}],"version-history":[{"count":49,"href":"https:\/\/nzjz-split.hr\/en\/wp-json\/wp\/v2\/pages\/372\/revisions"}],"predecessor-version":[{"id":19655,"href":"https:\/\/nzjz-split.hr\/en\/wp-json\/wp\/v2\/pages\/372\/revisions\/19655"}],"wp:featuredmedia":[{"embeddable":true,"href":"https:\/\/nzjz-split.hr\/en\/wp-json\/wp\/v2\/media\/5420"}],"wp:attachment":[{"href":"https:\/\/nzjz-split.hr\/en\/wp-json\/wp\/v2\/media?parent=372"}],"curies":[{"name":"wp","href":"https:\/\/api.w.org\/{rel}","templated":true}]}}